{"id":11,"date":"2025-11-24T19:51:36","date_gmt":"2025-11-24T16:51:36","guid":{"rendered":"https:\/\/vanhizlitaksi.com\/?page_id=11"},"modified":"2025-11-27T03:12:28","modified_gmt":"2025-11-27T00:12:28","slug":"van-taksi","status":"publish","type":"page","link":"https:\/\/vanhizlitaksi.com\/","title":{"rendered":"Van Taksi 7\/24"},"content":{"rendered":"\n<div class=\"wp-block-cover alignfull\" style=\"min-height:100vh;aspect-ratio:unset;\"><img loading=\"lazy\" decoding=\"async\" width=\"1024\" height=\"508\" class=\"wp-block-cover__image-background wp-image-71 size-large\" alt=\"\" src=\"https:\/\/vanhizlitaksi.com\/wp-content\/uploads\/2025\/11\/van-taksi-slider-1024x508.png\" data-object-fit=\"cover\" srcset=\"https:\/\/vanhizlitaksi.com\/wp-content\/uploads\/2025\/11\/van-taksi-slider-1024x508.png 1024w, https:\/\/vanhizlitaksi.com\/wp-content\/uploads\/2025\/11\/van-taksi-slider-300x149.png 300w, https:\/\/vanhizlitaksi.com\/wp-content\/uploads\/2025\/11\/van-taksi-slider.png 1536w\" sizes=\"auto, (max-width: 1024px) 100vw, 1024px\" \/><span aria-hidden=\"true\" class=\"wp-block-cover__background has-background-dim-20 has-background-dim\" style=\"background-color:#262122\"><\/span><div class=\"wp-block-cover__inner-container has-global-padding is-layout-constrained wp-block-cover-is-layout-constrained\">\n<p class=\"has-text-align-center has-text-color has-max-60-font-size\" style=\"color:#ffe415;font-style:normal;font-weight:900;line-height:1.2\"><strong>VAN <strong>TAKS\u0130<\/strong> 7\/24 <\/strong><\/p>\n\n\n\n<p class=\"has-text-align-center has-white-color has-text-color has-link-color has-large-font-size wp-elements-cf7445e98ea24dd615883de678c2d023\"><strong><a href=\"tel:05423905319\" style=\"text-decoration:none;\">0542 390 53 19<\/a><\/strong><\/p>\n\n\n\n<p class=\"has-text-align-center has-white-color has-text-color has-large-font-size\"><strong>Van&#8217;\u0131n Her Noktas\u0131na G\u00fcvenli ve H\u0131zl\u0131 Ula\u015f\u0131m!<\/strong><\/p>\n\n\n\n<p class=\"has-text-align-center\"><em>Van&#8217;da taksi ar\u0131yorsan\u0131z do\u011fru yerdesiniz! 7\/24 hizmet veren deneyimimiz ile g\u00fcvenli, konforlu ve ekonomik ula\u015f\u0131m sa\u011fl\u0131yoruz.<\/em><\/p>\n\n\n\n<div class=\"wp-block-buttons is-content-justification-center is-layout-flex wp-container-core-buttons-is-layout-a89b3969 wp-block-buttons-is-layout-flex\">\n<div class=\"wp-block-button is-style-outline is-style-outline--1\"><a class=\"wp-block-button__link has-white-color has-text-color wp-element-button\" href=\"tel:05423905319\" style=\"border-radius:0px\"><strong>HEMEN ARAYIN<\/strong><\/a><\/div>\n<\/div>\n<\/div><\/div>\n\n\n\n<div class=\"wp-block-group has-global-padding is-layout-constrained wp-block-group-is-layout-constrained\">\n<p class=\"has-text-align-center has-large-font-size\"><strong>SADECE B\u0130R TAKS\u0130 DE\u011e\u0130L, VAN&#8217;DAN B\u0130R ARKADA\u015e<\/strong><\/p>\n\n\n\n<p class=\"has-text-align-center\">Van&#8217;\u0131n sokaklar\u0131n\u0131 bizden iyi kimse bilemez. Y\u0131llar\u0131n deneyimi ve \u015fehre olan sevgimizle, sizi bir m\u00fc\u015fteri de\u011fil, evimize gelen bir misafir gibi a\u011f\u0131rl\u0131yoruz. Amac\u0131m\u0131z A&#8217;dan B&#8217;ye gitmenizi sa\u011flamaktan \u00f6te, yol boyunca size Van&#8217;\u0131n gizli kalm\u0131\u015f g\u00fczelliklerini anlatmak, g\u00fcvenli ve samimi bir yolculuk deneyimi sunmakt\u0131r. Her yolculuk bizim i\u00e7in bir g\u00fcven hikayesidir.<\/p>\n\n\n\n<p class=\"has-text-align-center has-tertiary-color has-text-color has-link-color has-medium-font-size wp-elements-395f8793e26fabdfdd32643fa598c751\"><strong>7\/24 Taksi Hizmeti<\/strong><\/p>\n<\/div>\n\n\n\n<div id=\"services\" class=\"wp-block-group alignfull pattern_multiple_covers has-background has-global-padding is-layout-constrained wp-block-group-is-layout-constrained\" style=\"background-color:#ffe415\">\n<p class=\"has-text-align-center has-foreground-color has-text-color has-link-color has-large-font-size wp-elements-491f1df98f6cc351e4c41f4e7f9fec55\"><br><strong><strong>VAN&#8217;DA YOLUNUZ B\u0130Z\u0130MLE AYDINLANSIN<\/strong><\/strong><\/p>\n\n\n\n<div class=\"wp-block-columns is-layout-flex wp-container-core-columns-is-layout-28f84493 wp-block-columns-is-layout-flex\">\n<div class=\"wp-block-column is-layout-flow wp-block-column-is-layout-flow\" style=\"padding-top:0;padding-right:0;padding-bottom:0;padding-left:0\">\n<div class=\"wp-block-cover has-custom-content-position is-position-bottom-left\" style=\"padding-top:var(--wp--preset--spacing--small);padding-right:var(--wp--preset--spacing--x-small);padding-bottom:var(--wp--preset--spacing--small);padding-left:var(--wp--preset--spacing--x-small)\"><img loading=\"lazy\" decoding=\"async\" width=\"659\" height=\"374\" class=\"wp-block-cover__image-background wp-image-32 size-full\" alt=\"\" src=\"https:\/\/vanhizlitaksi.com\/wp-content\/uploads\/2025\/11\/etnikce_com_van-merkezin-etnik-yapisi-ve-turk-koyleri.webp\" style=\"object-position:54% 54%\" data-object-fit=\"cover\" data-object-position=\"54% 54%\" srcset=\"https:\/\/vanhizlitaksi.com\/wp-content\/uploads\/2025\/11\/etnikce_com_van-merkezin-etnik-yapisi-ve-turk-koyleri.webp 659w, https:\/\/vanhizlitaksi.com\/wp-content\/uploads\/2025\/11\/etnikce_com_van-merkezin-etnik-yapisi-ve-turk-koyleri-300x170.webp 300w\" sizes=\"auto, (max-width: 659px) 100vw, 659px\" \/><span aria-hidden=\"true\" class=\"wp-block-cover__background has-primary-background-color has-background-dim-70 has-background-dim\"><\/span><div class=\"wp-block-cover__inner-container is-layout-flow wp-block-cover-is-layout-flow\">\n<h3 class=\"wp-block-heading has-white-color has-text-color has-medium-font-size\" style=\"margin-top:0;margin-right:0;margin-bottom:0;margin-left:0\">\u015eehir \u0130\u00e7i Ula\u015f\u0131m<\/h3>\n\n\n\n<p>Acele mi var? Al\u0131\u015fveri\u015fe mi \u00e7\u0131k\u0131yorsunuz? Van&#8217;\u0131n her noktas\u0131na, trafikte zaman kaybetmeden, konforlu bir \u015fekilde ula\u015fman\u0131n en ak\u0131ll\u0131ca yolu.<br><\/p>\n\n\n\n<p class=\"has-secondary-color has-text-color has-link-color wp-elements-238ed69ea9b38a477c94032d610dc370\" style=\"margin-top:0;margin-right:0;margin-bottom:0;margin-left:0\"><a href=\"tel:05423905319\">HEMEN ARAYIN \u2192<\/a><\/p>\n<\/div><\/div>\n<\/div>\n\n\n\n<div class=\"wp-block-column is-layout-flow wp-block-column-is-layout-flow\" style=\"padding-top:0;padding-right:0;padding-bottom:0;padding-left:0\">\n<div class=\"wp-block-cover has-custom-content-position is-position-bottom-left\" style=\"padding-top:var(--wp--preset--spacing--small);padding-right:var(--wp--preset--spacing--x-small);padding-bottom:var(--wp--preset--spacing--small);padding-left:var(--wp--preset--spacing--x-small)\"><img loading=\"lazy\" decoding=\"async\" width=\"1000\" height=\"667\" class=\"wp-block-cover__image-background wp-image-30 size-full\" alt=\"\" src=\"https:\/\/vanhizlitaksi.com\/wp-content\/uploads\/2025\/11\/shutterstock_394225453.jpg\" style=\"object-position:0% 26%\" data-object-fit=\"cover\" data-object-position=\"0% 26%\" srcset=\"https:\/\/vanhizlitaksi.com\/wp-content\/uploads\/2025\/11\/shutterstock_394225453.jpg 1000w, https:\/\/vanhizlitaksi.com\/wp-content\/uploads\/2025\/11\/shutterstock_394225453-300x200.jpg 300w\" sizes=\"auto, (max-width: 1000px) 100vw, 1000px\" \/><span aria-hidden=\"true\" class=\"wp-block-cover__background has-primary-background-color has-background-dim-70 has-background-dim\"><\/span><div class=\"wp-block-cover__inner-container is-layout-flow wp-block-cover-is-layout-flow\">\n<h3 class=\"wp-block-heading has-white-color has-text-color has-medium-font-size\" style=\"margin-top:0;margin-right:0;margin-bottom:0;margin-left:0\">Turistik Geziler<\/h3>\n\n\n\n<p>Van Kalesi&#8217;nden Akdamar Adas\u0131&#8217;na, Edremit&#8217;ten Muradiye \u015eelalesi&#8217;ne&#8230; Sadece bir adres de\u011fil, unutulmaz bir Van turu i\u00e7in bize dan\u0131\u015f\u0131n. Sizi bekleyen g\u00fczellikleri rehberlik ederek ke\u015ffetmenin keyfini \u00e7\u0131kar\u0131n.<br><\/p>\n\n\n\n<p class=\"has-secondary-color has-text-color has-link-color wp-elements-238ed69ea9b38a477c94032d610dc370\" style=\"margin-top:0;margin-right:0;margin-bottom:0;margin-left:0\"><a href=\"tel:05423905319\">HEMEN ARAYIN \u2192<\/a><\/p>\n<\/div><\/div>\n<\/div>\n\n\n\n<div class=\"wp-block-column is-layout-flow wp-block-column-is-layout-flow\" style=\"padding-top:0;padding-right:0;padding-bottom:0;padding-left:0\">\n<div class=\"wp-block-cover has-custom-content-position is-position-bottom-left\" style=\"padding-top:var(--wp--preset--spacing--small);padding-right:var(--wp--preset--spacing--x-small);padding-bottom:var(--wp--preset--spacing--small);padding-left:var(--wp--preset--spacing--x-small)\"><img loading=\"lazy\" decoding=\"async\" width=\"1024\" height=\"377\" class=\"wp-block-cover__image-background wp-image-31 size-large\" alt=\"\" src=\"https:\/\/vanhizlitaksi.com\/wp-content\/uploads\/2025\/11\/dea43522448327a799a8139726307202c1e3fdc7-1024x377.jpg\" style=\"object-position:63% 33%\" data-object-fit=\"cover\" data-object-position=\"63% 33%\" srcset=\"https:\/\/vanhizlitaksi.com\/wp-content\/uploads\/2025\/11\/dea43522448327a799a8139726307202c1e3fdc7-1024x377.jpg 1024w, https:\/\/vanhizlitaksi.com\/wp-content\/uploads\/2025\/11\/dea43522448327a799a8139726307202c1e3fdc7-300x111.jpg 300w, https:\/\/vanhizlitaksi.com\/wp-content\/uploads\/2025\/11\/dea43522448327a799a8139726307202c1e3fdc7.jpg 1316w\" sizes=\"auto, (max-width: 1024px) 100vw, 1024px\" \/><span aria-hidden=\"true\" class=\"wp-block-cover__background has-primary-background-color has-background-dim-70 has-background-dim\"><\/span><div class=\"wp-block-cover__inner-container is-layout-flow wp-block-cover-is-layout-flow\">\n<h3 class=\"wp-block-heading has-white-color has-text-color has-medium-font-size\" style=\"margin-top:0;margin-right:0;margin-bottom:0;margin-left:0\">Havaalan\u0131 Transferi<\/h3>\n\n\n\n<p>Van Ferit Melen Havaalan\u0131&#8217;na ini\u015finizde veya kalk\u0131\u015f\u0131n\u0131zda, sizi g\u00fcler y\u00fczle kar\u015f\u0131layan, bagaj\u0131n\u0131z\u0131 ta\u015f\u0131yan ve zaman\u0131nda ula\u015f\u0131m garantisi veren bir hizmet. U\u00e7u\u015funuzu ka\u00e7\u0131rma stresini ya\u015famay\u0131n.<br><\/p>\n\n\n\n<p class=\"has-secondary-color has-text-color has-link-color wp-elements-238ed69ea9b38a477c94032d610dc370\" style=\"margin-top:0;margin-right:0;margin-bottom:0;margin-left:0\"><a href=\"tel:05423905319\">HEMEN ARAYIN \u2192<\/a><\/p>\n<\/div><\/div>\n<\/div>\n<\/div>\n\n\n\n<div style=\"height:103px\" aria-hidden=\"true\" class=\"wp-block-spacer\"><\/div>\n<\/div>\n\n\n\n<div class=\"wp-block-group alignfull has-global-padding is-layout-constrained wp-block-group-is-layout-constrained\">\n<div class=\"wp-block-group has-global-padding is-layout-constrained wp-block-group-is-layout-constrained\" style=\"padding-top:var(--wp--preset--spacing--small);padding-bottom:var(--wp--preset--spacing--small)\">\n<div class=\"wp-block-columns is-layout-flex wp-container-core-columns-is-layout-c375d253 wp-block-columns-is-layout-flex\">\n<div class=\"wp-block-column is-vertically-aligned-center is-layout-flow wp-block-column-is-layout-flow\">\n<p class=\"has-large-font-size\"><strong>VAN&#8217;IN HER NOKTASINA B\u0130R TELEFON UZA\u011eIZ!<\/strong> <\/p>\n\n\n\n<nav> Van Taksi Numaras\u0131<\/nav>\n\n\n\n<p>Gece yar\u0131s\u0131 veya sabah\u0131n erken saatleri fark etmez, her zaman ihtiyac\u0131n\u0131z oldu\u011funda yan\u0131n\u0131zday\u0131z. <\/p>\n\n\n\n<div class=\"wp-block-buttons is-horizontal is-content-justification-left is-layout-flex wp-container-core-buttons-is-layout-20be11b6 wp-block-buttons-is-layout-flex\">\n<div class=\"wp-block-button is-style-outline is-style-outline--2\"><a class=\"wp-block-button__link wp-element-button\" href=\"tel:05423905319\" style=\"border-radius:0px\"><strong>HEMEN ARAYIN<\/strong><\/a><\/div>\n<\/div>\n<\/div>\n\n\n\n<div class=\"wp-block-column is-layout-flow wp-block-column-is-layout-flow\">\n<figure class=\"wp-block-image size-full\"><img loading=\"lazy\" decoding=\"async\" width=\"750\" height=\"500\" src=\"https:\/\/vanhizlitaksi.com\/wp-content\/uploads\/2025\/11\/638727266486644550_3f4ed7cf.jpg\" alt=\"\" class=\"wp-image-29\" srcset=\"https:\/\/vanhizlitaksi.com\/wp-content\/uploads\/2025\/11\/638727266486644550_3f4ed7cf.jpg 750w, https:\/\/vanhizlitaksi.com\/wp-content\/uploads\/2025\/11\/638727266486644550_3f4ed7cf-300x200.jpg 300w\" sizes=\"auto, (max-width: 750px) 100vw, 750px\" \/><\/figure>\n<\/div>\n<\/div>\n<\/div>\n<\/div>\n\n\n\n<div class=\"wp-block-group alignfull has-background has-global-padding is-layout-constrained wp-block-group-is-layout-constrained\" style=\"background-color:#ffe415\">\n<div class=\"wp-block-group has-global-padding is-layout-constrained wp-block-group-is-layout-constrained\" style=\"padding-top:var(--wp--preset--spacing--small);padding-bottom:var(--wp--preset--spacing--small)\">\n<div class=\"wp-block-columns are-vertically-aligned-center is-layout-flex wp-container-core-columns-is-layout-c375d253 wp-block-columns-is-layout-flex\">\n<div class=\"wp-block-column is-vertically-aligned-center is-layout-flow wp-block-column-is-layout-flow\">\n<figure class=\"wp-block-image size-full\"><img loading=\"lazy\" decoding=\"async\" width=\"1280\" height=\"720\" src=\"https:\/\/vanhizlitaksi.com\/wp-content\/uploads\/2025\/11\/ankarada-akilli-taksi-donemi-basliyor001.jpg\" alt=\"\" class=\"wp-image-33\" srcset=\"https:\/\/vanhizlitaksi.com\/wp-content\/uploads\/2025\/11\/ankarada-akilli-taksi-donemi-basliyor001.jpg 1280w, https:\/\/vanhizlitaksi.com\/wp-content\/uploads\/2025\/11\/ankarada-akilli-taksi-donemi-basliyor001-300x169.jpg 300w, https:\/\/vanhizlitaksi.com\/wp-content\/uploads\/2025\/11\/ankarada-akilli-taksi-donemi-basliyor001-1024x576.jpg 1024w\" sizes=\"auto, (max-width: 1280px) 100vw, 1280px\" \/><\/figure>\n<\/div>\n\n\n\n<div class=\"wp-block-column is-vertically-aligned-center is-layout-flow wp-block-column-is-layout-flow\">\n<p class=\"has-large-font-size\"><strong>S\u0131cak &amp; Samimi Hizmet<\/strong><\/p>\n\n\n\n<p>Bizim i\u00e7in siz sadece bir yolcu de\u011fil, Van&#8217;a gelen bir misafirsiniz.<br>S\u0131cak bir kar\u015f\u0131lama ve g\u00fcler y\u00fcz bizim i\u015fimizin bir par\u00e7as\u0131.<\/p>\n\n\n\n<div class=\"wp-block-buttons is-layout-flex wp-block-buttons-is-layout-flex\">\n<div class=\"wp-block-button is-style-outline is-style-outline--3\"><a class=\"wp-block-button__link wp-element-button\" href=\"tel:05423905319\" style=\"border-radius:0px\">HEMEN ARAYIN<\/a><\/div>\n<\/div>\n<\/div>\n<\/div>\n\n\n\n<div style=\"height:30px\" aria-hidden=\"true\" class=\"wp-block-spacer\"><\/div>\n<\/div>\n<\/div>\n","protected":false},"excerpt":{"rendered":"<p>SADECE B\u0130R TAKS\u0130 DE\u011e\u0130L, VAN&#8217;DAN B\u0130R ARKADA\u015e Van&#8217;\u0131n sokaklar\u0131n\u0131 bizden iyi kimse bilemez. Y\u0131llar\u0131n deneyimi ve \u015fehre olan sevgimizle, sizi bir m\u00fc\u015fteri de\u011fil, evimize gelen bir misafir gibi a\u011f\u0131rl\u0131yoruz. Amac\u0131m\u0131z A&#8217;dan B&#8217;ye gitmenizi sa\u011flamaktan \u00f6te, yol boyunca size Van&#8217;\u0131n gizli kalm\u0131\u015f g\u00fczelliklerini anlatmak, g\u00fcvenli ve samimi bir yolculuk deneyimi sunmakt\u0131r. Her yolculuk bizim i\u00e7in bir &hellip; <\/p>\n<p class=\"link-more\"><a href=\"https:\/\/vanhizlitaksi.com\/\" class=\"more-link\"><span class=\"screen-reader-text\"> &#8220;Van Taksi 7\/24&#8221;<\/span>devam\u0131n\u0131 oku<\/a><\/p>\n","protected":false},"author":1,"featured_media":0,"parent":0,"menu_order":0,"comment_status":"closed","ping_status":"closed","template":"page-templates\/homepage-no-hero.php","meta":{"footnotes":""},"class_list":["post-11","page","type-page","status-publish","hentry"],"yoast_head":"<!-- This site is optimized with the Yoast SEO plugin v26.4 - https:\/\/yoast.com\/wordpress\/plugins\/seo\/ -->\n<title>Van Taksi 7\/24<\/title>\n<meta name=\"description\" content=\"Van&#039;da 7\/24 taksi hizmeti! Van taksi, S\u00fcrmeli taksi, Kar\u015f\u0131yaka Be\u015fyol taksi, Yeni mahalle taksi. Hemen aray\u0131n!\" \/>\n<meta name=\"robots\" content=\"index, follow, max-snippet:-1, max-image-preview:large, max-video-preview:-1\" \/>\n<link rel=\"canonical\" href=\"https:\/\/vanhizlitaksi.com\/\" \/>\n<meta property=\"og:locale\" content=\"tr_TR\" \/>\n<meta property=\"og:type\" content=\"article\" \/>\n<meta property=\"og:title\" content=\"Van Taksi 7\/24\" \/>\n<meta property=\"og:description\" content=\"Van&#039;da 7\/24 taksi hizmeti! Van taksi, S\u00fcrmeli taksi, Kar\u015f\u0131yaka Be\u015fyol taksi, Yeni mahalle taksi. Hemen aray\u0131n!\" \/>\n<meta property=\"og:url\" content=\"https:\/\/vanhizlitaksi.com\/\" \/>\n<meta property=\"og:site_name\" content=\"Van H\u0131zl\u0131 Taksi\" \/>\n<meta property=\"article:modified_time\" content=\"2025-11-27T00:12:28+00:00\" \/>\n<meta property=\"og:image\" content=\"https:\/\/vanhizlitaksi.com\/wp-content\/uploads\/2025\/11\/cropped-logo-van-taksi-hizli-2-e1764034262981.png\" \/>\n\t<meta property=\"og:image:width\" content=\"422\" \/>\n\t<meta property=\"og:image:height\" content=\"344\" \/>\n\t<meta property=\"og:image:type\" content=\"image\/png\" \/>\n<meta name=\"twitter:card\" content=\"summary_large_image\" \/>\n<meta name=\"twitter:label1\" content=\"Tahmini okuma s\u00fcresi\" \/>\n\t<meta name=\"twitter:data1\" content=\"3 dakika\" \/>\n<script type=\"application\/ld+json\" class=\"yoast-schema-graph\">{\"@context\":\"https:\/\/schema.org\",\"@graph\":[{\"@type\":\"WebPage\",\"@id\":\"https:\/\/vanhizlitaksi.com\/\",\"url\":\"https:\/\/vanhizlitaksi.com\/\",\"name\":\"Van Taksi 7\/24\",\"isPartOf\":{\"@id\":\"https:\/\/vanhizlitaksi.com\/#website\"},\"primaryImageOfPage\":{\"@id\":\"https:\/\/vanhizlitaksi.com\/#primaryimage\"},\"image\":{\"@id\":\"https:\/\/vanhizlitaksi.com\/#primaryimage\"},\"thumbnailUrl\":\"https:\/\/vanhizlitaksi.com\/wp-content\/uploads\/2025\/11\/van-taksi-slider-1024x508.png\",\"datePublished\":\"2025-11-24T16:51:36+00:00\",\"dateModified\":\"2025-11-27T00:12:28+00:00\",\"description\":\"Van'da 7\/24 taksi hizmeti! Van taksi, S\u00fcrmeli taksi, Kar\u015f\u0131yaka Be\u015fyol taksi, Yeni mahalle taksi. Hemen aray\u0131n!\",\"breadcrumb\":{\"@id\":\"https:\/\/vanhizlitaksi.com\/#breadcrumb\"},\"inLanguage\":\"tr\",\"potentialAction\":[{\"@type\":\"ReadAction\",\"target\":[\"https:\/\/vanhizlitaksi.com\/\"]}]},{\"@type\":\"ImageObject\",\"inLanguage\":\"tr\",\"@id\":\"https:\/\/vanhizlitaksi.com\/#primaryimage\",\"url\":\"https:\/\/vanhizlitaksi.com\/wp-content\/uploads\/2025\/11\/van-taksi-slider.png\",\"contentUrl\":\"https:\/\/vanhizlitaksi.com\/wp-content\/uploads\/2025\/11\/van-taksi-slider.png\",\"width\":1536,\"height\":762},{\"@type\":\"BreadcrumbList\",\"@id\":\"https:\/\/vanhizlitaksi.com\/#breadcrumb\",\"itemListElement\":[{\"@type\":\"ListItem\",\"position\":1,\"name\":\"Anasayfa\",\"item\":\"https:\/\/vanhizlitaksi.com\/\"},{\"@type\":\"ListItem\",\"position\":2,\"name\":\"Van Taksi 7\/24\"}]},{\"@type\":\"WebSite\",\"@id\":\"https:\/\/vanhizlitaksi.com\/#website\",\"url\":\"https:\/\/vanhizlitaksi.com\/\",\"name\":\"Van H\u0131zl\u0131 Taksi\",\"description\":\"\",\"alternateName\":\"Van Taksi\",\"potentialAction\":[{\"@type\":\"SearchAction\",\"target\":{\"@type\":\"EntryPoint\",\"urlTemplate\":\"https:\/\/vanhizlitaksi.com\/?s={search_term_string}\"},\"query-input\":{\"@type\":\"PropertyValueSpecification\",\"valueRequired\":true,\"valueName\":\"search_term_string\"}}],\"inLanguage\":\"tr\"}]}<\/script>\n<!-- \/ Yoast SEO plugin. -->","yoast_head_json":{"title":"Van Taksi 7\/24","description":"Van'da 7\/24 taksi hizmeti! Van taksi, S\u00fcrmeli taksi, Kar\u015f\u0131yaka Be\u015fyol taksi, Yeni mahalle taksi. Hemen aray\u0131n!","robots":{"index":"index","follow":"follow","max-snippet":"max-snippet:-1","max-image-preview":"max-image-preview:large","max-video-preview":"max-video-preview:-1"},"canonical":"https:\/\/vanhizlitaksi.com\/","og_locale":"tr_TR","og_type":"article","og_title":"Van Taksi 7\/24","og_description":"Van'da 7\/24 taksi hizmeti! Van taksi, S\u00fcrmeli taksi, Kar\u015f\u0131yaka Be\u015fyol taksi, Yeni mahalle taksi. Hemen aray\u0131n!","og_url":"https:\/\/vanhizlitaksi.com\/","og_site_name":"Van H\u0131zl\u0131 Taksi","article_modified_time":"2025-11-27T00:12:28+00:00","og_image":[{"width":422,"height":344,"url":"https:\/\/vanhizlitaksi.com\/wp-content\/uploads\/2025\/11\/cropped-logo-van-taksi-hizli-2-e1764034262981.png","type":"image\/png"}],"twitter_card":"summary_large_image","twitter_misc":{"Tahmini okuma s\u00fcresi":"3 dakika"},"schema":{"@context":"https:\/\/schema.org","@graph":[{"@type":"WebPage","@id":"https:\/\/vanhizlitaksi.com\/","url":"https:\/\/vanhizlitaksi.com\/","name":"Van Taksi 7\/24","isPartOf":{"@id":"https:\/\/vanhizlitaksi.com\/#website"},"primaryImageOfPage":{"@id":"https:\/\/vanhizlitaksi.com\/#primaryimage"},"image":{"@id":"https:\/\/vanhizlitaksi.com\/#primaryimage"},"thumbnailUrl":"https:\/\/vanhizlitaksi.com\/wp-content\/uploads\/2025\/11\/van-taksi-slider-1024x508.png","datePublished":"2025-11-24T16:51:36+00:00","dateModified":"2025-11-27T00:12:28+00:00","description":"Van'da 7\/24 taksi hizmeti! Van taksi, S\u00fcrmeli taksi, Kar\u015f\u0131yaka Be\u015fyol taksi, Yeni mahalle taksi. Hemen aray\u0131n!","breadcrumb":{"@id":"https:\/\/vanhizlitaksi.com\/#breadcrumb"},"inLanguage":"tr","potentialAction":[{"@type":"ReadAction","target":["https:\/\/vanhizlitaksi.com\/"]}]},{"@type":"ImageObject","inLanguage":"tr","@id":"https:\/\/vanhizlitaksi.com\/#primaryimage","url":"https:\/\/vanhizlitaksi.com\/wp-content\/uploads\/2025\/11\/van-taksi-slider.png","contentUrl":"https:\/\/vanhizlitaksi.com\/wp-content\/uploads\/2025\/11\/van-taksi-slider.png","width":1536,"height":762},{"@type":"BreadcrumbList","@id":"https:\/\/vanhizlitaksi.com\/#breadcrumb","itemListElement":[{"@type":"ListItem","position":1,"name":"Anasayfa","item":"https:\/\/vanhizlitaksi.com\/"},{"@type":"ListItem","position":2,"name":"Van Taksi 7\/24"}]},{"@type":"WebSite","@id":"https:\/\/vanhizlitaksi.com\/#website","url":"https:\/\/vanhizlitaksi.com\/","name":"Van H\u0131zl\u0131 Taksi","description":"","alternateName":"Van Taksi","potentialAction":[{"@type":"SearchAction","target":{"@type":"EntryPoint","urlTemplate":"https:\/\/vanhizlitaksi.com\/?s={search_term_string}"},"query-input":{"@type":"PropertyValueSpecification","valueRequired":true,"valueName":"search_term_string"}}],"inLanguage":"tr"}]}},"_links":{"self":[{"href":"https:\/\/vanhizlitaksi.com\/index.php?rest_route=\/wp\/v2\/pages\/11","targetHints":{"allow":["GET"]}}],"collection":[{"href":"https:\/\/vanhizlitaksi.com\/index.php?rest_route=\/wp\/v2\/pages"}],"about":[{"href":"https:\/\/vanhizlitaksi.com\/index.php?rest_route=\/wp\/v2\/types\/page"}],"author":[{"embeddable":true,"href":"https:\/\/vanhizlitaksi.com\/index.php?rest_route=\/wp\/v2\/users\/1"}],"replies":[{"embeddable":true,"href":"https:\/\/vanhizlitaksi.com\/index.php?rest_route=%2Fwp%2Fv2%2Fcomments&post=11"}],"version-history":[{"count":23,"href":"https:\/\/vanhizlitaksi.com\/index.php?rest_route=\/wp\/v2\/pages\/11\/revisions"}],"predecessor-version":[{"id":116,"href":"https:\/\/vanhizlitaksi.com\/index.php?rest_route=\/wp\/v2\/pages\/11\/revisions\/116"}],"wp:attachment":[{"href":"https:\/\/vanhizlitaksi.com\/index.php?rest_route=%2Fwp%2Fv2%2Fmedia&parent=11"}],"curies":[{"name":"wp","href":"https:\/\/api.w.org\/{rel}","templated":true}]}}