{"id":13,"date":"2025-11-24T19:51:37","date_gmt":"2025-11-24T16:51:37","guid":{"rendered":"https:\/\/vanhizlitaksi.com\/?page_id=13"},"modified":"2025-12-29T15:42:13","modified_gmt":"2025-12-29T12:42:13","slug":"iletisim","status":"publish","type":"page","link":"https:\/\/vanhizlitaksi.com\/?page_id=13","title":{"rendered":"\u0130leti\u015fim"},"content":{"rendered":"\n<div class=\"wp-block-group has-global-padding is-layout-constrained wp-block-group-is-layout-constrained\">\n<div class=\"wp-block-columns are-vertically-aligned-top is-layout-flex wp-container-core-columns-is-layout-d7d455e7 wp-block-columns-is-layout-flex\" style=\"padding-top:0;padding-right:0;padding-bottom:0;padding-left:0\">\n<div class=\"wp-block-column is-vertically-aligned-top is-layout-flow wp-block-column-is-layout-flow\" style=\"padding-right:7%;flex-basis:50%\">\n<h2 class=\"wp-block-heading has-large-font-size\">VAN 7\/24 HIZLI TAKS\u0130<\/h2>\n\n\n\n<p>Van\u2019\u0131n Her Noktas\u0131na G\u00fcvenli ve H\u0131zl\u0131 Ula\u015f\u0131m!<\/p>\n\n\n\n<p>Van\u2019da taksi ar\u0131yorsan\u0131z do\u011fru yerdesiniz! 7\/24 hizmet veren deneyimli ekibimiz ile <strong>g\u00fcvenli, konforlu ve ekonomik<\/strong> ula\u015f\u0131m sa\u011fl\u0131yoruz.<\/p>\n<\/div>\n<\/div>\n<\/div>\n\n\n\n<div class=\"wp-block-group alignwide has-global-padding is-layout-constrained wp-container-core-group-is-layout-19e250f3 wp-block-group-is-layout-constrained\">\n<div class=\"wp-block-columns are-vertically-aligned-center has-light-background-background-color has-background is-layout-flex wp-container-core-columns-is-layout-dd282781 wp-block-columns-is-layout-flex\" style=\"padding-top:0;padding-right:0;padding-bottom:0;padding-left:0\">\n<div class=\"wp-block-column is-vertically-aligned-center map-grayscale is-layout-flow wp-block-column-is-layout-flow\" style=\"flex-basis:50%\">\n<iframe src=\"https:\/\/www.google.com\/maps\/embed?pb=!1m18!1m12!1m3!1d49964.447868677686!2d43.3357372038514!3d38.49276444370291!2m3!1f0!2f0!3f0!3m2!1i1024!2i768!4f13.1!3m3!1m2!1s0x401271e05f660b71%3A0x6032f769ce2a77c!2zVmFuIFRha3NpIEjEsXpsxLEgVGFrc2kgNy8yNCDwn5qV!5e0!3m2!1str!2str!4v1764201949208!5m2!1str!2str\" width=\"600\" height=\"450\" style=\"border:0;\" allowfullscreen=\"\" loading=\"lazy\" referrerpolicy=\"no-referrer-when-downgrade\"><\/iframe>\n<\/div>\n\n\n\n<div class=\"wp-block-column is-vertically-aligned-center is-layout-flow wp-block-column-is-layout-flow\" style=\"padding-top:var(--wp--preset--spacing--small);padding-right:var(--wp--preset--spacing--small);padding-bottom:var(--wp--preset--spacing--small);padding-left:2%;flex-basis:50%\">\n<h3 class=\"wp-block-heading\"><strong>Adres<\/strong><\/h3>\n\n\n\n<p>Van Merkez\/Van<\/p>\n\n\n\n<h3 class=\"wp-block-heading\"><strong>Telefon<\/strong><\/h3>\n\n\n\n<p class=\"has-secondary-color has-text-color has-link-color\" \n   style=\"margin:0; text-decoration: none;\">\n    <a href=\"tel:05423905319\" style=\"text-decoration: none; color: inherit;\">\n        Hemen aray\u0131n &#8211; 0542 390 53 19\n    <\/a>\n<\/p>\n<\/div>\n<\/div>\n<\/div>\n\n\n\n<div class=\"wp-block-group has-global-padding is-layout-constrained wp-block-group-is-layout-constrained\">\n<div class=\"wp-block-columns alignfull are-vertically-aligned-center is-layout-flex wp-container-core-columns-is-layout-4ed999c3 wp-block-columns-is-layout-flex\" style=\"padding-top:var(--wp--preset--spacing--60);padding-bottom:var(--wp--preset--spacing--60);padding-left:0\">\n<div class=\"wp-block-column is-vertically-aligned-center has-global-padding is-content-justification-left is-layout-constrained wp-container-core-column-is-layout-12dd3699 wp-block-column-is-layout-constrained\" style=\"flex-basis:66.66%\">\n<h2 class=\"wp-block-heading\"><strong>VAN 7\/24<\/strong> <strong>HIZLI TAKS\u0130<\/strong><\/h2>\n\n\n\n<p><em>Van&#8217;da taksi ar\u0131yorsan\u0131z do\u011fru yerdesiniz!<\/em><\/p>\n<\/div>\n\n\n\n<div class=\"wp-block-column is-vertically-aligned-center is-layout-flow wp-block-column-is-layout-flow\" style=\"flex-basis:33.33%\">\n<div class=\"wp-block-buttons is-content-justification-right is-layout-flex wp-container-core-buttons-is-layout-d445cf74 wp-block-buttons-is-layout-flex\">\n<div class=\"wp-block-button is-style-fill\"><a class=\"wp-block-button__link has-custom-font-size wp-element-button\" href=\"tel:05423905319\" style=\"border-radius:0px;font-size:14px;font-style:normal;font-weight:600;letter-spacing:1px;text-transform:uppercase\"><strong>HEMEN ARAYIN<\/strong><\/a><\/div>\n<\/div>\n<\/div>\n<\/div>\n<\/div>\n\n\n\n<p><\/p>\n","protected":false},"excerpt":{"rendered":"<p>VAN 7\/24 HIZLI TAKS\u0130 Van\u2019\u0131n Her Noktas\u0131na G\u00fcvenli ve H\u0131zl\u0131 Ula\u015f\u0131m! Van\u2019da taksi ar\u0131yorsan\u0131z do\u011fru yerdesiniz! 7\/24 hizmet veren deneyimli ekibimiz ile g\u00fcvenli, konforlu ve ekonomik ula\u015f\u0131m sa\u011fl\u0131yoruz. Adres Van Merkez\/Van Telefon Hemen aray\u0131n &#8211; 0542 390 53 19 VAN 7\/24 HIZLI TAKS\u0130 Van&#8217;da taksi ar\u0131yorsan\u0131z do\u011fru yerdesiniz!<\/p>\n","protected":false},"author":1,"featured_media":102,"parent":0,"menu_order":0,"comment_status":"closed","ping_status":"closed","template":"","meta":{"footnotes":""},"class_list":["post-13","page","type-page","status-publish","has-post-thumbnail","hentry"],"yoast_head":"<!-- This site is optimized with the Yoast SEO plugin v26.4 - https:\/\/yoast.com\/wordpress\/plugins\/seo\/ -->\n<title>\u0130leti\u015fim<\/title>\n<meta name=\"robots\" content=\"index, follow, max-snippet:-1, max-image-preview:large, max-video-preview:-1\" \/>\n<link rel=\"canonical\" href=\"https:\/\/vanhizlitaksi.com\/?page_id=13\" \/>\n<meta property=\"og:locale\" content=\"tr_TR\" \/>\n<meta property=\"og:type\" content=\"article\" \/>\n<meta property=\"og:title\" content=\"\u0130leti\u015fim\" \/>\n<meta property=\"og:description\" content=\"VAN 7\/24 HIZLI TAKS\u0130 Van\u2019\u0131n Her Noktas\u0131na G\u00fcvenli ve H\u0131zl\u0131 Ula\u015f\u0131m! Van\u2019da taksi ar\u0131yorsan\u0131z do\u011fru yerdesiniz! 7\/24 hizmet veren deneyimli ekibimiz ile g\u00fcvenli, konforlu ve ekonomik ula\u015f\u0131m sa\u011fl\u0131yoruz. Adres Van Merkez\/Van Telefon Hemen aray\u0131n &#8211; 0542 390 53 19 VAN 7\/24 HIZLI TAKS\u0130 Van&#8217;da taksi ar\u0131yorsan\u0131z do\u011fru yerdesiniz!\" \/>\n<meta property=\"og:url\" content=\"https:\/\/vanhizlitaksi.com\/?page_id=13\" \/>\n<meta property=\"og:site_name\" content=\"Van H\u0131zl\u0131 Taksi\" \/>\n<meta property=\"article:modified_time\" content=\"2025-12-29T12:42:13+00:00\" \/>\n<meta property=\"og:image\" content=\"https:\/\/vanhizlitaksi.com\/wp-content\/uploads\/2025\/11\/taxi-1515420_1280.jpg\" \/>\n\t<meta property=\"og:image:width\" content=\"1280\" \/>\n\t<meta property=\"og:image:height\" content=\"853\" \/>\n\t<meta property=\"og:image:type\" content=\"image\/jpeg\" \/>\n<meta name=\"twitter:card\" content=\"summary_large_image\" \/>\n<meta name=\"twitter:label1\" content=\"Tahmini okuma s\u00fcresi\" \/>\n\t<meta name=\"twitter:data1\" content=\"1 dakika\" \/>\n<script type=\"application\/ld+json\" class=\"yoast-schema-graph\">{\"@context\":\"https:\/\/schema.org\",\"@graph\":[{\"@type\":\"WebPage\",\"@id\":\"https:\/\/vanhizlitaksi.com\/?page_id=13\",\"url\":\"https:\/\/vanhizlitaksi.com\/?page_id=13\",\"name\":\"\u0130leti\u015fim\",\"isPartOf\":{\"@id\":\"https:\/\/vanhizlitaksi.com\/#website\"},\"primaryImageOfPage\":{\"@id\":\"https:\/\/vanhizlitaksi.com\/?page_id=13#primaryimage\"},\"image\":{\"@id\":\"https:\/\/vanhizlitaksi.com\/?page_id=13#primaryimage\"},\"thumbnailUrl\":\"https:\/\/vanhizlitaksi.com\/wp-content\/uploads\/2025\/11\/taxi-1515420_1280.jpg\",\"datePublished\":\"2025-11-24T16:51:37+00:00\",\"dateModified\":\"2025-12-29T12:42:13+00:00\",\"breadcrumb\":{\"@id\":\"https:\/\/vanhizlitaksi.com\/?page_id=13#breadcrumb\"},\"inLanguage\":\"tr\",\"potentialAction\":[{\"@type\":\"ReadAction\",\"target\":[\"https:\/\/vanhizlitaksi.com\/?page_id=13\"]}]},{\"@type\":\"ImageObject\",\"inLanguage\":\"tr\",\"@id\":\"https:\/\/vanhizlitaksi.com\/?page_id=13#primaryimage\",\"url\":\"https:\/\/vanhizlitaksi.com\/wp-content\/uploads\/2025\/11\/taxi-1515420_1280.jpg\",\"contentUrl\":\"https:\/\/vanhizlitaksi.com\/wp-content\/uploads\/2025\/11\/taxi-1515420_1280.jpg\",\"width\":1280,\"height\":853},{\"@type\":\"BreadcrumbList\",\"@id\":\"https:\/\/vanhizlitaksi.com\/?page_id=13#breadcrumb\",\"itemListElement\":[{\"@type\":\"ListItem\",\"position\":1,\"name\":\"Anasayfa\",\"item\":\"https:\/\/vanhizlitaksi.com\/\"},{\"@type\":\"ListItem\",\"position\":2,\"name\":\"\u0130leti\u015fim\"}]},{\"@type\":\"WebSite\",\"@id\":\"https:\/\/vanhizlitaksi.com\/#website\",\"url\":\"https:\/\/vanhizlitaksi.com\/\",\"name\":\"Van H\u0131zl\u0131 Taksi\",\"description\":\"\",\"alternateName\":\"Van Taksi\",\"potentialAction\":[{\"@type\":\"SearchAction\",\"target\":{\"@type\":\"EntryPoint\",\"urlTemplate\":\"https:\/\/vanhizlitaksi.com\/?s={search_term_string}\"},\"query-input\":{\"@type\":\"PropertyValueSpecification\",\"valueRequired\":true,\"valueName\":\"search_term_string\"}}],\"inLanguage\":\"tr\"}]}<\/script>\n<!-- \/ Yoast SEO plugin. -->","yoast_head_json":{"title":"\u0130leti\u015fim","robots":{"index":"index","follow":"follow","max-snippet":"max-snippet:-1","max-image-preview":"max-image-preview:large","max-video-preview":"max-video-preview:-1"},"canonical":"https:\/\/vanhizlitaksi.com\/?page_id=13","og_locale":"tr_TR","og_type":"article","og_title":"\u0130leti\u015fim","og_description":"VAN 7\/24 HIZLI TAKS\u0130 Van\u2019\u0131n Her Noktas\u0131na G\u00fcvenli ve H\u0131zl\u0131 Ula\u015f\u0131m! Van\u2019da taksi ar\u0131yorsan\u0131z do\u011fru yerdesiniz! 7\/24 hizmet veren deneyimli ekibimiz ile g\u00fcvenli, konforlu ve ekonomik ula\u015f\u0131m sa\u011fl\u0131yoruz. Adres Van Merkez\/Van Telefon Hemen aray\u0131n &#8211; 0542 390 53 19 VAN 7\/24 HIZLI TAKS\u0130 Van&#8217;da taksi ar\u0131yorsan\u0131z do\u011fru yerdesiniz!","og_url":"https:\/\/vanhizlitaksi.com\/?page_id=13","og_site_name":"Van H\u0131zl\u0131 Taksi","article_modified_time":"2025-12-29T12:42:13+00:00","og_image":[{"width":1280,"height":853,"url":"https:\/\/vanhizlitaksi.com\/wp-content\/uploads\/2025\/11\/taxi-1515420_1280.jpg","type":"image\/jpeg"}],"twitter_card":"summary_large_image","twitter_misc":{"Tahmini okuma s\u00fcresi":"1 dakika"},"schema":{"@context":"https:\/\/schema.org","@graph":[{"@type":"WebPage","@id":"https:\/\/vanhizlitaksi.com\/?page_id=13","url":"https:\/\/vanhizlitaksi.com\/?page_id=13","name":"\u0130leti\u015fim","isPartOf":{"@id":"https:\/\/vanhizlitaksi.com\/#website"},"primaryImageOfPage":{"@id":"https:\/\/vanhizlitaksi.com\/?page_id=13#primaryimage"},"image":{"@id":"https:\/\/vanhizlitaksi.com\/?page_id=13#primaryimage"},"thumbnailUrl":"https:\/\/vanhizlitaksi.com\/wp-content\/uploads\/2025\/11\/taxi-1515420_1280.jpg","datePublished":"2025-11-24T16:51:37+00:00","dateModified":"2025-12-29T12:42:13+00:00","breadcrumb":{"@id":"https:\/\/vanhizlitaksi.com\/?page_id=13#breadcrumb"},"inLanguage":"tr","potentialAction":[{"@type":"ReadAction","target":["https:\/\/vanhizlitaksi.com\/?page_id=13"]}]},{"@type":"ImageObject","inLanguage":"tr","@id":"https:\/\/vanhizlitaksi.com\/?page_id=13#primaryimage","url":"https:\/\/vanhizlitaksi.com\/wp-content\/uploads\/2025\/11\/taxi-1515420_1280.jpg","contentUrl":"https:\/\/vanhizlitaksi.com\/wp-content\/uploads\/2025\/11\/taxi-1515420_1280.jpg","width":1280,"height":853},{"@type":"BreadcrumbList","@id":"https:\/\/vanhizlitaksi.com\/?page_id=13#breadcrumb","itemListElement":[{"@type":"ListItem","position":1,"name":"Anasayfa","item":"https:\/\/vanhizlitaksi.com\/"},{"@type":"ListItem","position":2,"name":"\u0130leti\u015fim"}]},{"@type":"WebSite","@id":"https:\/\/vanhizlitaksi.com\/#website","url":"https:\/\/vanhizlitaksi.com\/","name":"Van H\u0131zl\u0131 Taksi","description":"","alternateName":"Van Taksi","potentialAction":[{"@type":"SearchAction","target":{"@type":"EntryPoint","urlTemplate":"https:\/\/vanhizlitaksi.com\/?s={search_term_string}"},"query-input":{"@type":"PropertyValueSpecification","valueRequired":true,"valueName":"search_term_string"}}],"inLanguage":"tr"}]}},"_links":{"self":[{"href":"https:\/\/vanhizlitaksi.com\/index.php?rest_route=\/wp\/v2\/pages\/13","targetHints":{"allow":["GET"]}}],"collection":[{"href":"https:\/\/vanhizlitaksi.com\/index.php?rest_route=\/wp\/v2\/pages"}],"about":[{"href":"https:\/\/vanhizlitaksi.com\/index.php?rest_route=\/wp\/v2\/types\/page"}],"author":[{"embeddable":true,"href":"https:\/\/vanhizlitaksi.com\/index.php?rest_route=\/wp\/v2\/users\/1"}],"replies":[{"embeddable":true,"href":"https:\/\/vanhizlitaksi.com\/index.php?rest_route=%2Fwp%2Fv2%2Fcomments&post=13"}],"version-history":[{"count":8,"href":"https:\/\/vanhizlitaksi.com\/index.php?rest_route=\/wp\/v2\/pages\/13\/revisions"}],"predecessor-version":[{"id":118,"href":"https:\/\/vanhizlitaksi.com\/index.php?rest_route=\/wp\/v2\/pages\/13\/revisions\/118"}],"wp:featuredmedia":[{"embeddable":true,"href":"https:\/\/vanhizlitaksi.com\/index.php?rest_route=\/wp\/v2\/media\/102"}],"wp:attachment":[{"href":"https:\/\/vanhizlitaksi.com\/index.php?rest_route=%2Fwp%2Fv2%2Fmedia&parent=13"}],"curies":[{"name":"wp","href":"https:\/\/api.w.org\/{rel}","templated":true}]}}